{"id":340,"date":"2016-08-28T14:05:00","date_gmt":"2016-08-28T12:05:00","guid":{"rendered":"http:\/\/awwa.theorieken.de\/?page_id=340"},"modified":"2016-12-08T12:17:44","modified_gmt":"2016-12-08T11:17:44","slug":"aviation","status":"publish","type":"page","link":"https:\/\/www.aw-wa.com\/en\/home\/aviation\/","title":{"rendered":"Aviation"},"content":{"rendered":"","protected":false},"excerpt":{"rendered":"","protected":false},"author":1,"featured_media":0,"parent":84,"menu_order":0,"comment_status":"closed","ping_status":"closed","template":"","meta":{"spay_email":""},"yoast_head":"<!-- This site is optimized with the Yoast SEO plugin v18.1 - https:\/\/yoast.com\/wordpress\/plugins\/seo\/ -->\n<title>ArtWorks! - Agentur f\u00fcr Kommunikation und Design - Luftfahrt<\/title>\n<meta name=\"description\" content=\"Wir haben einen gro\u00dfen Schwerpunkt auf die Luftfahrt gelegt. Seit \u00fcber zehn Jahren betreuen wir viele in dieser Branche ans\u00e4ssigen Unternehmen.\" \/>\n<meta name=\"robots\" content=\"index, follow, max-snippet:-1, max-image-preview:large, max-video-preview:-1\" \/>\n<link rel=\"canonical\" href=\"https:\/\/www.aw-wa.com\/en\/home\/aviation\/\" \/>\n<meta property=\"og:locale\" content=\"en_US\" \/>\n<meta property=\"og:type\" content=\"article\" \/>\n<meta property=\"og:title\" content=\"ArtWorks! - Agentur f\u00fcr Kommunikation und Design - Luftfahrt\" \/>\n<meta property=\"og:description\" content=\"Wir haben einen gro\u00dfen Schwerpunkt auf die Luftfahrt gelegt. Seit \u00fcber zehn Jahren betreuen wir viele in dieser Branche ans\u00e4ssigen Unternehmen.\" \/>\n<meta property=\"og:url\" content=\"https:\/\/www.aw-wa.com\/en\/home\/aviation\/\" \/>\n<meta property=\"og:site_name\" content=\"ArtWorks!\" \/>\n<meta property=\"article:modified_time\" content=\"2016-12-08T11:17:44+00:00\" \/>\n<meta name=\"twitter:card\" content=\"summary\" \/>\n<script type=\"application\/ld+json\" class=\"yoast-schema-graph\">{\"@context\":\"https:\/\/schema.org\",\"@graph\":[{\"@type\":\"WebSite\",\"@id\":\"https:\/\/www.aw-wa.com\/en\/#website\",\"url\":\"https:\/\/www.aw-wa.com\/en\/\",\"name\":\"ArtWorks!\",\"description\":\"Agentur f\u00fcr Werbung und Design\",\"potentialAction\":[{\"@type\":\"SearchAction\",\"target\":{\"@type\":\"EntryPoint\",\"urlTemplate\":\"https:\/\/www.aw-wa.com\/en\/?s={search_term_string}\"},\"query-input\":\"required name=search_term_string\"}],\"inLanguage\":\"en-US\"},{\"@type\":\"WebPage\",\"@id\":\"https:\/\/www.aw-wa.com\/en\/home\/aviation\/#webpage\",\"url\":\"https:\/\/www.aw-wa.com\/en\/home\/aviation\/\",\"name\":\"ArtWorks! - Agentur f\u00fcr Kommunikation und Design - Luftfahrt\",\"isPartOf\":{\"@id\":\"https:\/\/www.aw-wa.com\/en\/#website\"},\"datePublished\":\"2016-08-28T12:05:00+00:00\",\"dateModified\":\"2016-12-08T11:17:44+00:00\",\"description\":\"Wir haben einen gro\u00dfen Schwerpunkt auf die Luftfahrt gelegt. Seit \u00fcber zehn Jahren betreuen wir viele in dieser Branche ans\u00e4ssigen Unternehmen.\",\"breadcrumb\":{\"@id\":\"https:\/\/www.aw-wa.com\/en\/home\/aviation\/#breadcrumb\"},\"inLanguage\":\"en-US\",\"potentialAction\":[{\"@type\":\"ReadAction\",\"target\":[\"https:\/\/www.aw-wa.com\/en\/home\/aviation\/\"]}]},{\"@type\":\"BreadcrumbList\",\"@id\":\"https:\/\/www.aw-wa.com\/en\/home\/aviation\/#breadcrumb\",\"itemListElement\":[{\"@type\":\"ListItem\",\"position\":1,\"name\":\"Home\",\"item\":\"https:\/\/www.aw-wa.com\/en\/\"},{\"@type\":\"ListItem\",\"position\":2,\"name\":\"Home\",\"item\":\"https:\/\/www.aw-wa.com\/en\/\"},{\"@type\":\"ListItem\",\"position\":3,\"name\":\"Aviation\"}]}]}<\/script>\n<!-- \/ Yoast SEO plugin. -->","yoast_head_json":{"title":"ArtWorks! - Agentur f\u00fcr Kommunikation und Design - Luftfahrt","description":"Wir haben einen gro\u00dfen Schwerpunkt auf die Luftfahrt gelegt. Seit \u00fcber zehn Jahren betreuen wir viele in dieser Branche ans\u00e4ssigen Unternehmen.","robots":{"index":"index","follow":"follow","max-snippet":"max-snippet:-1","max-image-preview":"max-image-preview:large","max-video-preview":"max-video-preview:-1"},"canonical":"https:\/\/www.aw-wa.com\/en\/home\/aviation\/","og_locale":"en_US","og_type":"article","og_title":"ArtWorks! - Agentur f\u00fcr Kommunikation und Design - Luftfahrt","og_description":"Wir haben einen gro\u00dfen Schwerpunkt auf die Luftfahrt gelegt. Seit \u00fcber zehn Jahren betreuen wir viele in dieser Branche ans\u00e4ssigen Unternehmen.","og_url":"https:\/\/www.aw-wa.com\/en\/home\/aviation\/","og_site_name":"ArtWorks!","article_modified_time":"2016-12-08T11:17:44+00:00","twitter_card":"summary","schema":{"@context":"https:\/\/schema.org","@graph":[{"@type":"WebSite","@id":"https:\/\/www.aw-wa.com\/en\/#website","url":"https:\/\/www.aw-wa.com\/en\/","name":"ArtWorks!","description":"Agentur f\u00fcr Werbung und Design","potentialAction":[{"@type":"SearchAction","target":{"@type":"EntryPoint","urlTemplate":"https:\/\/www.aw-wa.com\/en\/?s={search_term_string}"},"query-input":"required name=search_term_string"}],"inLanguage":"en-US"},{"@type":"WebPage","@id":"https:\/\/www.aw-wa.com\/en\/home\/aviation\/#webpage","url":"https:\/\/www.aw-wa.com\/en\/home\/aviation\/","name":"ArtWorks! - Agentur f\u00fcr Kommunikation und Design - Luftfahrt","isPartOf":{"@id":"https:\/\/www.aw-wa.com\/en\/#website"},"datePublished":"2016-08-28T12:05:00+00:00","dateModified":"2016-12-08T11:17:44+00:00","description":"Wir haben einen gro\u00dfen Schwerpunkt auf die Luftfahrt gelegt. Seit \u00fcber zehn Jahren betreuen wir viele in dieser Branche ans\u00e4ssigen Unternehmen.","breadcrumb":{"@id":"https:\/\/www.aw-wa.com\/en\/home\/aviation\/#breadcrumb"},"inLanguage":"en-US","potentialAction":[{"@type":"ReadAction","target":["https:\/\/www.aw-wa.com\/en\/home\/aviation\/"]}]},{"@type":"BreadcrumbList","@id":"https:\/\/www.aw-wa.com\/en\/home\/aviation\/#breadcrumb","itemListElement":[{"@type":"ListItem","position":1,"name":"Home","item":"https:\/\/www.aw-wa.com\/en\/"},{"@type":"ListItem","position":2,"name":"Home","item":"https:\/\/www.aw-wa.com\/en\/"},{"@type":"ListItem","position":3,"name":"Aviation"}]}]}},"jetpack_sharing_enabled":true,"jetpack_shortlink":"https:\/\/wp.me\/P7OYg4-5u","_links":{"self":[{"href":"https:\/\/www.aw-wa.com\/en\/wp-json\/wp\/v2\/pages\/340"}],"collection":[{"href":"https:\/\/www.aw-wa.com\/en\/wp-json\/wp\/v2\/pages"}],"about":[{"href":"https:\/\/www.aw-wa.com\/en\/wp-json\/wp\/v2\/types\/page"}],"author":[{"embeddable":true,"href":"https:\/\/www.aw-wa.com\/en\/wp-json\/wp\/v2\/users\/1"}],"replies":[{"embeddable":true,"href":"https:\/\/www.aw-wa.com\/en\/wp-json\/wp\/v2\/comments?post=340"}],"version-history":[{"count":4,"href":"https:\/\/www.aw-wa.com\/en\/wp-json\/wp\/v2\/pages\/340\/revisions"}],"predecessor-version":[{"id":609,"href":"https:\/\/www.aw-wa.com\/en\/wp-json\/wp\/v2\/pages\/340\/revisions\/609"}],"up":[{"embeddable":true,"href":"https:\/\/www.aw-wa.com\/en\/wp-json\/wp\/v2\/pages\/84"}],"wp:attachment":[{"href":"https:\/\/www.aw-wa.com\/en\/wp-json\/wp\/v2\/media?parent=340"}],"curies":[{"name":"wp","href":"https:\/\/api.w.org\/{rel}","templated":true}]}}