{"id":360,"date":"2016-08-28T15:38:46","date_gmt":"2016-08-28T13:38:46","guid":{"rendered":"http:\/\/awwa.theorieken.de\/?page_id=360"},"modified":"2016-12-08T12:18:41","modified_gmt":"2016-12-08T11:18:41","slug":"paper-office-stationery","status":"publish","type":"page","link":"https:\/\/www.aw-wa.com\/en\/home\/paper-office-stationery\/","title":{"rendered":"Paper, office, stationery"},"content":{"rendered":"","protected":false},"excerpt":{"rendered":"","protected":false},"author":1,"featured_media":0,"parent":84,"menu_order":0,"comment_status":"closed","ping_status":"closed","template":"","meta":{"spay_email":""},"yoast_head":"<!-- This site is optimized with the Yoast SEO plugin v18.1 - https:\/\/yoast.com\/wordpress\/plugins\/seo\/ -->\n<title>ArtWorks! - Agentur f\u00fcr Kommunikation und Design - Schreibwaren<\/title>\n<meta name=\"description\" content=\"Mit Edding hat es angefangen; der Wahn f\u00fcr Schreibwaren. Seitdem haben wir viel designed: Stufte, Briefpapier, Kataloge, Visitenkarten, Kn\u00f6pfe, Kleidung ...\" \/>\n<meta name=\"robots\" content=\"index, follow, max-snippet:-1, max-image-preview:large, max-video-preview:-1\" \/>\n<link rel=\"canonical\" href=\"https:\/\/www.aw-wa.com\/en\/home\/paper-office-stationery\/\" \/>\n<meta property=\"og:locale\" content=\"en_US\" \/>\n<meta property=\"og:type\" content=\"article\" \/>\n<meta property=\"og:title\" content=\"ArtWorks! - Agentur f\u00fcr Kommunikation und Design - Schreibwaren\" \/>\n<meta property=\"og:description\" content=\"Mit Edding hat es angefangen; der Wahn f\u00fcr Schreibwaren. Seitdem haben wir viel designed: Stufte, Briefpapier, Kataloge, Visitenkarten, Kn\u00f6pfe, Kleidung ...\" \/>\n<meta property=\"og:url\" content=\"https:\/\/www.aw-wa.com\/en\/home\/paper-office-stationery\/\" \/>\n<meta property=\"og:site_name\" content=\"ArtWorks!\" \/>\n<meta property=\"article:modified_time\" content=\"2016-12-08T11:18:41+00:00\" \/>\n<meta name=\"twitter:card\" content=\"summary\" \/>\n<script type=\"application\/ld+json\" class=\"yoast-schema-graph\">{\"@context\":\"https:\/\/schema.org\",\"@graph\":[{\"@type\":\"WebSite\",\"@id\":\"https:\/\/www.aw-wa.com\/en\/#website\",\"url\":\"https:\/\/www.aw-wa.com\/en\/\",\"name\":\"ArtWorks!\",\"description\":\"Agentur f\u00fcr Werbung und Design\",\"potentialAction\":[{\"@type\":\"SearchAction\",\"target\":{\"@type\":\"EntryPoint\",\"urlTemplate\":\"https:\/\/www.aw-wa.com\/en\/?s={search_term_string}\"},\"query-input\":\"required name=search_term_string\"}],\"inLanguage\":\"en-US\"},{\"@type\":\"WebPage\",\"@id\":\"https:\/\/www.aw-wa.com\/en\/home\/paper-office-stationery\/#webpage\",\"url\":\"https:\/\/www.aw-wa.com\/en\/home\/paper-office-stationery\/\",\"name\":\"ArtWorks! - Agentur f\u00fcr Kommunikation und Design - Schreibwaren\",\"isPartOf\":{\"@id\":\"https:\/\/www.aw-wa.com\/en\/#website\"},\"datePublished\":\"2016-08-28T13:38:46+00:00\",\"dateModified\":\"2016-12-08T11:18:41+00:00\",\"description\":\"Mit Edding hat es angefangen; der Wahn f\u00fcr Schreibwaren. Seitdem haben wir viel designed: Stufte, Briefpapier, Kataloge, Visitenkarten, Kn\u00f6pfe, Kleidung ...\",\"breadcrumb\":{\"@id\":\"https:\/\/www.aw-wa.com\/en\/home\/paper-office-stationery\/#breadcrumb\"},\"inLanguage\":\"en-US\",\"potentialAction\":[{\"@type\":\"ReadAction\",\"target\":[\"https:\/\/www.aw-wa.com\/en\/home\/paper-office-stationery\/\"]}]},{\"@type\":\"BreadcrumbList\",\"@id\":\"https:\/\/www.aw-wa.com\/en\/home\/paper-office-stationery\/#breadcrumb\",\"itemListElement\":[{\"@type\":\"ListItem\",\"position\":1,\"name\":\"Home\",\"item\":\"https:\/\/www.aw-wa.com\/en\/\"},{\"@type\":\"ListItem\",\"position\":2,\"name\":\"Home\",\"item\":\"https:\/\/www.aw-wa.com\/en\/\"},{\"@type\":\"ListItem\",\"position\":3,\"name\":\"Paper, office, stationery\"}]}]}<\/script>\n<!-- \/ Yoast SEO plugin. -->","yoast_head_json":{"title":"ArtWorks! - Agentur f\u00fcr Kommunikation und Design - Schreibwaren","description":"Mit Edding hat es angefangen; der Wahn f\u00fcr Schreibwaren. Seitdem haben wir viel designed: Stufte, Briefpapier, Kataloge, Visitenkarten, Kn\u00f6pfe, Kleidung ...","robots":{"index":"index","follow":"follow","max-snippet":"max-snippet:-1","max-image-preview":"max-image-preview:large","max-video-preview":"max-video-preview:-1"},"canonical":"https:\/\/www.aw-wa.com\/en\/home\/paper-office-stationery\/","og_locale":"en_US","og_type":"article","og_title":"ArtWorks! - Agentur f\u00fcr Kommunikation und Design - Schreibwaren","og_description":"Mit Edding hat es angefangen; der Wahn f\u00fcr Schreibwaren. Seitdem haben wir viel designed: Stufte, Briefpapier, Kataloge, Visitenkarten, Kn\u00f6pfe, Kleidung ...","og_url":"https:\/\/www.aw-wa.com\/en\/home\/paper-office-stationery\/","og_site_name":"ArtWorks!","article_modified_time":"2016-12-08T11:18:41+00:00","twitter_card":"summary","schema":{"@context":"https:\/\/schema.org","@graph":[{"@type":"WebSite","@id":"https:\/\/www.aw-wa.com\/en\/#website","url":"https:\/\/www.aw-wa.com\/en\/","name":"ArtWorks!","description":"Agentur f\u00fcr Werbung und Design","potentialAction":[{"@type":"SearchAction","target":{"@type":"EntryPoint","urlTemplate":"https:\/\/www.aw-wa.com\/en\/?s={search_term_string}"},"query-input":"required name=search_term_string"}],"inLanguage":"en-US"},{"@type":"WebPage","@id":"https:\/\/www.aw-wa.com\/en\/home\/paper-office-stationery\/#webpage","url":"https:\/\/www.aw-wa.com\/en\/home\/paper-office-stationery\/","name":"ArtWorks! - Agentur f\u00fcr Kommunikation und Design - Schreibwaren","isPartOf":{"@id":"https:\/\/www.aw-wa.com\/en\/#website"},"datePublished":"2016-08-28T13:38:46+00:00","dateModified":"2016-12-08T11:18:41+00:00","description":"Mit Edding hat es angefangen; der Wahn f\u00fcr Schreibwaren. Seitdem haben wir viel designed: Stufte, Briefpapier, Kataloge, Visitenkarten, Kn\u00f6pfe, Kleidung ...","breadcrumb":{"@id":"https:\/\/www.aw-wa.com\/en\/home\/paper-office-stationery\/#breadcrumb"},"inLanguage":"en-US","potentialAction":[{"@type":"ReadAction","target":["https:\/\/www.aw-wa.com\/en\/home\/paper-office-stationery\/"]}]},{"@type":"BreadcrumbList","@id":"https:\/\/www.aw-wa.com\/en\/home\/paper-office-stationery\/#breadcrumb","itemListElement":[{"@type":"ListItem","position":1,"name":"Home","item":"https:\/\/www.aw-wa.com\/en\/"},{"@type":"ListItem","position":2,"name":"Home","item":"https:\/\/www.aw-wa.com\/en\/"},{"@type":"ListItem","position":3,"name":"Paper, office, stationery"}]}]}},"jetpack_sharing_enabled":true,"jetpack_shortlink":"https:\/\/wp.me\/P7OYg4-5O","_links":{"self":[{"href":"https:\/\/www.aw-wa.com\/en\/wp-json\/wp\/v2\/pages\/360"}],"collection":[{"href":"https:\/\/www.aw-wa.com\/en\/wp-json\/wp\/v2\/pages"}],"about":[{"href":"https:\/\/www.aw-wa.com\/en\/wp-json\/wp\/v2\/types\/page"}],"author":[{"embeddable":true,"href":"https:\/\/www.aw-wa.com\/en\/wp-json\/wp\/v2\/users\/1"}],"replies":[{"embeddable":true,"href":"https:\/\/www.aw-wa.com\/en\/wp-json\/wp\/v2\/comments?post=360"}],"version-history":[{"count":3,"href":"https:\/\/www.aw-wa.com\/en\/wp-json\/wp\/v2\/pages\/360\/revisions"}],"predecessor-version":[{"id":1102,"href":"https:\/\/www.aw-wa.com\/en\/wp-json\/wp\/v2\/pages\/360\/revisions\/1102"}],"up":[{"embeddable":true,"href":"https:\/\/www.aw-wa.com\/en\/wp-json\/wp\/v2\/pages\/84"}],"wp:attachment":[{"href":"https:\/\/www.aw-wa.com\/en\/wp-json\/wp\/v2\/media?parent=360"}],"curies":[{"name":"wp","href":"https:\/\/api.w.org\/{rel}","templated":true}]}}